{"id":640,"date":"2017-05-03T17:01:31","date_gmt":"2017-05-03T10:01:31","guid":{"rendered":"http:\/\/localhost\/ezcloud\/aitravel\/?page_id=640"},"modified":"2021-05-27T11:10:54","modified_gmt":"2021-05-27T04:10:54","slug":"%e5%88%9d%e3%82%81%e3%81%a6%e3%81%94%e5%88%a9%e7%94%a8%e3%81%ae%e6%96%b9%e3%81%b8-%e3%81%94%e5%88%a9%e7%94%a8%e6%a1%88%e5%86%85","status":"publish","type":"page","link":"https:\/\/aitravelgroup.com\/ja\/%e5%88%9d%e3%82%81%e3%81%a6%e3%81%94%e5%88%a9%e7%94%a8%e3%81%ae%e6%96%b9%e3%81%b8-%e3%81%94%e5%88%a9%e7%94%a8%e6%a1%88%e5%86%85\/","title":{"rendered":"\u521d\u3081\u3066\u3054\u5229\u7528\u306e\u65b9\u3078 \u3054\u5229\u7528\u6848\u5185"},"content":{"rendered":"<p style=\"text-align: center;\"><span style=\"font-size: 24pt;\"><strong><span style=\"color: #0000ff;\">\u521d\u3081\u3066\u3054\u5229\u7528\u306e\u65b9\u3078<\/span><\/strong><\/span><br \/>\n<span style=\"font-size: 24pt;\"><strong><span style=\"color: #0000ff;\">\u3054\u5229\u7528\u6848\u5185\u3000<\/span><\/strong><\/span><\/p>\n<p>\u3053\u306e\u30da\u30fc\u30b8\u3067\u306f\u4e88\u7d04\u65b9\u6cd5\u3001\u304a\u652f\u6255\u3044\u65b9\u6cd5\u3001\u30ad\u30e3\u30f3\u30bb\u30eb\u3001\u5229\u7528\u898f\u7d04\u3001\u30d7\u30e9\u30a4\u30d0\u30b7\u30fc\u306e\u4fdd\u8b77\u306a\u3069\u306b\u3064\u3044\u3066\u8aac\u660e\u3057\u3066\u304a\u308a\u307e\u3059\u3002<br \/>\n\u521d\u3081\u3066\u306e\u3054\u5229\u7528\u306e\u65b9\u306f\u3054\u4e00\u8aad\u304f\u3060\u3055\u3044\u307e\u3059\u3088\u3046\u304a\u9858\u3044\u81f4\u3057\u307e\u3059\u3002<\/p>\n<p><span style=\"font-size: 18pt;\"><strong><span style=\"color: #ff0000;\">[ \u4e88\u7d04\u65b9\u6cd5 ]<\/span><\/strong><\/span><\/p>\n<p>\u30d9\u30c8\u30ca\u30e0\u65c5\u884c\u3092\u30a4\u30f3\u30bf\u30fc\u30cd\u30c3\u30c8\u3067\u30ab\u30f3\u30bf\u30f3\u4e88\u7d04\uff01\u81ea\u5206\u3060\u3051\u306e\u65c5\u3092\u4f5c\u3063\u305f\u308a\u3001\u30d1\u30c3\u30b1\u30fc\u30b8\u30c4\u30a2\u30fc\u306e\u81ea\u7531\u884c\u52d5\u306e\u65e5\u3084\u500b\u4eba\u65c5\u884c\u306e\u30b9\u30b1\u30b8\u30e5\u30fc\u30eb\u306a\u3069\u306b\u30c4\u30a2\u30fc\u3092\u7d44\u307f\u8fbc\u3093\u3060\u308a\u3001\u4e88\u7b97\u306b\u5408\u308f\u305b\u305f\u30db\u30c6\u30eb\u3092\u4e88\u7d04\u3057\u305f\u308a\u3001\u822a\u7a7a\u5238\u3092\u624b\u914d\u3057\u305f\u308a\u3002\u30c4\u30a2\u30fc\u3060\u3051\u3001\u30db\u30c6\u30eb\u4e88\u7d04\u3060\u3051\u306a\u3069\u304a\u6c17\u8efd\u306b\u611b\u30c8\u30e9\u30d9\u30eb\u3092\u3054\u5229\u7528\u304f\u3060\u3055\u3044\u3002<\/p>\n<p>\u4e88\u7d04\u7533\u8fbc\u307f\u9001\u4fe1\u5b8c\u4e86\u5f8c\u3001\u30e1\u30fc\u30eb\u306e\u53d7\u53d6\u78ba\u8a8d\u30e1\u30fc\u30eb\u3092\u304a\u9001\u308a\u81f4\u3057\u307e\u3059\u300224\u6642\u9593\u7d4c\u3063\u3066\u3082\u53d7\u53d6\u78ba\u8a8d\u30e1\u30fc\u30eb\u304c\u5c4a\u304b\u306a\u3044\u5834\u5408\u306f\u3001\u304a\u5ba2\u69d8\u306e\u304a\u7533\u3057\u8fbc\u307f\u30e1\u30fc\u30eb\u30a2\u30c9\u30ec\u30b9\u306e\u8aa4\u8a18\u5165\u306e\u53ef\u80fd\u6027\u304c\u3042\u308a\u307e\u3059\u3002\u4e88\u7d04\u7533\u8fbc\u307f\u5f8c\u3001\u53d7\u9818\u78ba\u8a8d\u30e1\u30fc\u30eb\u304c\u5c4a\u304b\u306a\u3044\u5834\u5408\u306f\u3000E\u30e1\u30fc\u30eb\u3000eigyou@aitravelgroup.com\u3088\u308a\u3054\u9023\u7d61\u4e0b\u3055\u3044\u3002<\/p>\n<p>\u53c8\u306f\u3001\u5f0a\u793e\u306e\u30db\u30c3\u30c8\u30e9\u30a4\u30f3\u306b\u304a\u96fb\u8a71\u9802\u304f\u3068\u4e88\u7d04\u3082\u51fa\u6765\u307e\u3059\u3002<\/p>\n<p>\u30db\u30c3\u30c8\u30e9\u30a4\u30f3\u756a\u53f7\uff1a\uff08\uff0b\uff18\uff14\uff09\uff19\uff16\u2010\uff18\uff17\uff13\uff11\u2010\uff16\uff19\uff19<\/p>\n<p>\u30cf\u30ce\u30a4\u5728\u4f4f\u306e\u65b9\u306f\u3001\u5f0a\u793e\u306b\u3066\u3054\u76f8\u8ac7\u3001<wbr \/>\u3054\u4e88\u7d04\u3092\u304a\u53d7\u3051\u3044\u305f\u3057\u307e\u3059\u3002<\/p>\n<p>\u611b\u30c8\u30e9\u30d9\u30eb\u6709\u9650\u4f1a\u793e\u4f4f\u6240\uff1a<\/p>\n<p>No 9B, 13 alley, 139 lane, Tan Mai Street, Tan Mai ward, Hoang Mai district, Hanoi city, Vietnam.<\/p>\n<p><span style=\"font-size: 18pt;\"><strong><span style=\"color: #ff0000;\">[ \u304a\u652f\u6255\u3044\u65b9\u6cd5 ]<\/span><\/strong><\/span><\/p>\n<p>\uff11.\u9280\u884c\u632f\u8fbc\uff1a\u30d9\u30c8\u30ca\u30e0\u30c9\u30f3\u307e\u305f\u306f\u7c73\u30c9\u30eb\u306b\u3088\u308a\u307e\u3059\u3002<\/p>\n<p>\u9280\u884c\u53e3\u5ea7\u540d\u7fa9:AITRAVEL COMPANY (Aitravel Co. Ltd)<\/p>\n<p>\u4f1a\u793e\u4f4f\u6240: No 9B, 13 alley, 139 lane, Tan Mai Street, Tan Mai ward, Hoang Mai district, Hanoi city, Vietnam.<\/p>\n<p>\u9280\u884c\u53e3\u5ea7\u756a\u53f7:<\/p>\n<ul dir=\"auto\">\n<li>225255558888 ( VND)<\/li>\n<li>18677367 ( USD)<\/li>\n<\/ul>\n<p>\u9280\u884c\u540d: \u00a0Asia Commercial Joint Stock Bank-Tran Quoc Hoan branch<\/p>\n<p>\u9280\u884c\u4f4f\u6240: 107 Nguyen Phong Sac street, Dich Vong Hau ward, Cau Giay district, Ha Noi city, Vietnam.<\/p>\n<p>Swift Code: ASCBVNVX<\/p>\n<p>\uff12.\u73fe\u91d1\u3067\u306e\u304a\u652f\u6255\uff1a\u30d9\u30c8\u30ca\u30e0\u30c9\u30f3\u30fb<wbr \/>\u7c73\u30c9\u30eb\u307e\u305f\u306f\u65e5\u672c\u5186\u306b\u3088\u308a\u307e\u3059\u3002<\/p>\n<p dir=\"auto\">\u304a\u624b\u6570\u3067\u3059\u304c\u5f0a\u793e\u307e\u3067\u304a\u9858\u3044\u81f4\u3057\u307e\u3059\u3002<\/p>\n<p>\uff13.\u30af\u30ec\u30b8\u30c3\u30c8\u30ab\u30fc\u30c9\u3067\u306e\u304a\u652f\u6255\u3044\uff1a\u30d9\u30c8\u30ca\u30e0\u30c9\u30f3\u306b\u3088\u308a\u307e\u3059\u3002<wbr \/>\u4f46\u3057\u3001\u9280\u884c\u306e\u624b\u6570\u6599\u306f\u5408\u8a08\u306e\uff13\uff05\u306b\u306a\u308a\u307e\u3059\u3002<\/p>\n<p dir=\"auto\">\u304a\u624b\u6570\u3067\u3059\u304c\u3000\u5f0a\u793e\u307e\u3067\u304a\u9858\u3044\u81f4\u3057\u307e\u3059\u3002<\/p>\n<p><span style=\"font-size: 18pt;\"><strong><span style=\"color: #ff0000;\">[ \u30ad\u30e3\u30f3\u30bb\u30eb ]<\/span><\/strong><\/span><\/p>\n<p>\u304a\u5ba2\u3055\u307e\u306f\u4ee5\u4e0b\u3067\u5b9a\u3081\u308b\u3001<wbr \/>\u53d6\u308a\u6d88\u3057\u6599\u91d1\u3092\u304a\u652f\u6255\u3044\u3044\u305f\u3060\u304f\u3053\u3068\u306b\u3088\u308a\u3001<wbr \/>\u65c5\u884c\u5951\u7d04\u3092\u89e3\u9664\u3059\u308b\u4e8b\u304c\u3067\u304d\u307e\u3059\u3002\u5c1a\u3001\u53d6\u308a\u6d88\u3057\u65e5\u3068\u306f\u3001<wbr \/>\u304a\u5ba2\u69d8\u304c\u5f53\u793e\u306e\u55b6\u696d\u65e5\u3001\u55b6\u696d\u6642\u9593\u5185\uff08\u5348\u524d9\u6642\uff5e\u5348\u5f8c6\u6642\uff09<wbr \/>\u306b\u89e3\u9664\u3059\u308b\u65e8\u3092\u304a\u7533\u3057\u3044\u305f\u3060\u3044\u305f\u65e5\u3068\u3057\u307e\u3059\u3002<\/p>\n<p><strong>\u00a0<\/strong><\/p>\n<p><strong>\u65e5\u5e30\u308a\u30c4\u30a2\u30fc<\/strong><\/p>\n<p>\u3054\u51fa\u767a\u524d\u65e510\u6642\u307e\u306730\uff05<\/p>\n<p>\u3054\u51fa\u767a\u524d\u65e512\u6642\u4ee5\u964d\uff5e19\u6642\u8fc4\uff1a50%<\/p>\n<p>\u3054\u51fa\u767a\u524d\u65e519\u6642\u4ee5\u964d\u307e\u305f\u306f\u4e8b\u524d\u9023\u7d61\u306a\u304f\u53c2\u52a0\u3055\u308c\u306a\u3044\u5834\u5408\uff1a100%<\/p>\n<p><strong>1<\/strong><strong>\u6cca\u3001<\/strong><strong>2<\/strong><strong>\u6cca\u30c4\u30a2\u30fc<\/strong><\/p>\n<p>\u3054\u51fa\u767a\u65e5\u306e30\u65e5\u524d\uff1a10\uff05<\/p>\n<p>\u3054\u51fa\u767a\u65e5\u306e25~29\u65e5\u524d\uff1a20\uff05<\/p>\n<p>\u3054\u51fa\u767a\u65e5\u306e15~24\u65e5\u524d\uff1a30\uff05<\/p>\n<p>\u3054\u51fa\u767a\u65e5\u306e7\uff5e14\u65e5\u524d\uff1a50\uff05<\/p>\n<p>\u3054\u51fa\u767a\u65e5\u306e3~6\u65e5\u524d\uff1a75\uff05<\/p>\n<p>\u3054\u51fa\u767a\u65e5\u306e2\u65e5\u4ee5\u5185\uff1a100\uff05<\/p>\n<p><strong>\u00a0<\/strong><\/p>\n<p><span style=\"font-size: 18pt;\"><strong><span style=\"color: #ff0000;\">[ \u55b6\u696d\u6642\u9593 ]<\/span><\/strong><\/span><\/p>\n<p>\u6708\uff5e\u91d1 09:00-18:00 [\u65e5\u672c\u6642\u9593 11:00-20:00]\n<p><span style=\"font-size: 18pt;\"><strong><span style=\"color: #ff0000;\">[ \u5229\u7528\u898f\u7d04 ]<\/span><\/strong><\/span><\/p>\n<p>\u611b\u30c8\u30e9\u30d9\u30eb\uff08\u4ee5\u4e0b\u5f0a\u793e\uff09\u306e\u904b\u55b6\u3059\u308b\u901a\u8ca9\u3092\u3054\u5229\u7528\u3055\u308c\u308b\u304a\u5ba2\u69d8\u306f\u3059\u3079\u3066\u4ee5\u4e0b\u306e\u5229\u7528\u898f\u7d04\u306b\u540c\u610f\u3055\u308c\u305f\u3082\u306e\u3068\u3057\u307e\u3059\u3002<\/p>\n<ul>\n<li>\u304a\u7533\u3057\u8fbc\u307f\u306e\u969b\u306f\u5546\u54c1\u3092\u3088\u304f\u3054\u691c\u8a0e\u306e\u4e0a\u3001\u3054\u6ce8\u6587\u304f\u3060\u3055\u3044\u3002<\/li>\n<\/ul>\n<p>\u30fb\u304a\u5ba2\u69d8\u306e\u3054\u4e88\u7d04\u7533\u8fbc\u307f\u306f\u3001\u5f0a\u793e\u304c\u6307\u5b9a\u3059\u308b\u65b9\u6cd5\u306b\u3088\u308a\u3001\u5f0a\u793e\u304c\u53d7\u7406\u3057\u305f\u5834\u5408\u306b\u306e\u307f\u6709\u52b9\u306b\u306a\u308a\u307e\u3059\u3002<\/p>\n<p>\u30b7\u30b9\u30c6\u30e0\u30c8\u30e9\u30d6\u30eb\u3001\u305d\u306e\u4ed6\u90fd\u5408\u306b\u3088\u308a\u5f0a\u793e\u3067\u53d7\u7406\u3067\u304d\u306a\u3044\u5834\u5408\u306f\u6709\u52b9\u3068\u306f\u306a\u308a\u307e\u305b\u3093\u3002<\/p>\n<p>\u30fb\u672c\u30b5\u30a4\u30c8\u306e\u60c5\u5831\u306f\u5b9a\u671f\u7684\u306b\u66f4\u65b0\u3057\u3066\u3044\u307e\u3059\u304c\u3001\u5f0a\u793e\u306f\u305d\u306e\u6b63\u78ba\u6027\u3092\u4fdd\u8a3c\u3059\u308b\u3082\u306e\u3067\u306f\u3042\u308a\u307e\u305b\u3093\u3002<\/p>\n<p>\u5f0a\u793e\u306f\u672c\u30b5\u30a4\u30c8\u3067\u306e\u8aa4\u308a\u3082\u3057\u304f\u306f\u8a18\u8f09\u6f0f\u308c\u306b\u95a2\u3057\u3066\u3001\u304a\u5ba2\u69d8\u3082\u3057\u304f\u306f\u7b2c\u4e09\u8005\u306b\u5bfe\u3057\u4e00\u5207\u306e\u8cac\u4efb\u3092\u8ca0\u3046\u3082\u306e\u3067\u306f\u3042\u308a\u307e\u305b\u3093\u3002\u5f0a\u793e\u306f\u3084\u3080\u3092\u5f97\u305a\u672c\u30b5\u30a4\u30c8\u306b\u8a18\u8f09\u3055\u308c\u3066\u3044\u308b\u60c5\u5831\u3092\u5909\u66f4\u3001\u66f4\u65b0\u3001\u524a\u9664\u3059\u308b\u3053\u3068\u304c\u3042\u308a\u307e\u3059\u3002<\/p>\n<p>\u30fb\u672c\u30b5\u30fc\u30d3\u30b9\u306e\u5229\u7528\u306b\u95a2\u3057\u3066\u3001\u672c\u898f\u7d04\u3067\u89e3\u6c7a\u3067\u304d\u306a\u3044\u554f\u984c\u304c\u751f\u3058\u305f\u5834\u5408\u306b\u306f\u3001\u5f0a\u793e\u3068\u5229\u7528\u8005\u3068\u306e\u9593\u3067\u53cc\u65b9\u8aa0\u610f\u3092\u3082\u3063\u3066\u8a71\u3057\u5408\u3044\u3001\u3053\u308c\u3092\u89e3\u6c7a\u3059\u308b\u3082\u306e\u3068\u3057\u307e\u3059\u3002 \u672c\u30b5\u30fc\u30d3\u30b9\u306e\u5229\u7528\u306b\u95a2\u3057\u3066\u3001\u8a34\u8a1f\u306e\u5fc5\u8981\u304c\u767a\u751f\u3057\u305f\u5834\u5408\u306b\u306f\u3001\u30d9\u30c8\u30ca\u30e0\u30fb\u30cf\u30ce\u30a4\u5e02\u88c1\u5224\u6240\u3092\u7b2c\u4e00\u5be9\u306e\u5c02\u5c5e\u7ba1\u8f44\u88c1\u5224\u6240\u3068\u3044\u305f\u3057\u307e\u3059\u3002<\/p>\n<p>2\uff0e\u8ffd\u8a18\u4e8b\u9805<\/p>\n<p>\u30fb\u5f0a\u793e\u306f\u3044\u3064\u3067\u3082\u304a\u5ba2\u69d8\u3078\u306e\u4e8b\u524d\u3001\u4e8b\u5f8c\u306e\u901a\u77e5\u7121\u3057\u306b\u672c\u5951\u7d04\u3092\u5909\u66f4\u3059\u308b\u3053\u3068\u304c\u3067\u304d\u307e\u3059\u3002<\/p>\n<p>\u30fb\u6539\u5b9a\u5f8c\u306f\u6539\u5b9a\u3055\u308c\u305f\u5185\u5bb9\u306b\u306a\u308a\u307e\u3059\u306e\u3067\u3001\u5b9a\u671f\u7684\u306b\u6700\u65b0\u306e\u5185\u5bb9\u3092\u3054\u78ba\u8a8d\u304f\u3060\u3055\u3044\u3002<\/p>\n<p><span style=\"font-size: 18pt;\"><strong><span style=\"color: #ff0000;\">[ \u30d7\u30e9\u30a4\u30d0\u30b7\u30fc\u30dd\u30ea\u30b7\u30fc ]<\/span><\/strong><\/span><\/p>\n<p>\u611b\u30c8\u30e9\u30d9\u30eb\u306f\u3001\u304a\u5ba2\u69d8\u304b\u3089\u540c\u610f\u3092\u3044\u305f\u3060\u3044\u305f\u5229\u7528\u76ee\u7684\u4ee5\u5916\u3067\u306e\u500b\u4eba\u60c5\u5831\u306e\u5229\u7528\u306f\u3044\u305f\u3057\u307e\u305b\u3093\u3002\u304a\u5ba2\u69d8\u304b\u3089\u540c\u610f\u3092\u3044\u305f\u3060\u3044\u305f\u5834\u5408\u3001\u304a\u3088\u3073\u6cd5\u4ee4\u306b\u57fa\u3065\u304d\u53f8\u6cd5\u6a5f\u95a2\u3001\u884c\u653f\u6a5f\u95a2\u304b\u3089\u6cd5\u7684\u7fa9\u52d9\u3092\u4f34\u3046\u8981\u8acb\u3092\u53d7\u3051\u305f\u5834\u5408\u3092\u9664\u304d\u3001\u3054\u4e88\u7d04\u3044\u305f\u3060\u3044\u305f\u304a\u5ba2\u69d8\u306e\u500b\u4eba\u60c5\u5831\u3092\u7b2c\u4e09\u8005\u306b\u9810\u8a17\u3001\u63d0\u4f9b\u3044\u305f\u3057\u307e\u305b\u3093\u3002\u307e\u305f\u3001\u304a\u5ba2\u69d8\u306e\u3054\u540c\u610f\u3092\u3044\u305f\u3060\u3044\u305f\u5834\u5408\u3067\u3082 \u3001\u5f53\u793e\u4ee5\u5916\u306e\u7b2c\u4e09\u8005\u306b\u500b\u4eba\u60c5\u5831\u3092\u958b\u793a\u3001\u9810\u8a17\u3001\u63d0\u4f9b\u3059\u308b\u5834\u5408\u306b\u306f\u3001\u5f53\u8a72\u7b2c\u4e09\u8005\u3068\u500b\u4eba\u60c5\u5831\u306e\u4fdd\u8b77\u306b\u95a2\u3059\u308b\u53d6\u308a\u6c7a\u3081\u3092\u884c\u3044\u3001\u304a\u5ba2\u69d8\u306e\u500b\u4eba\u60c5\u5831\u4fdd\u8b77\u306b\u4e07\u5168\u3092\u671f\u3059\u3088\u3046\u52aa\u3081\u307e\u3059 \u3002<\/p>\n<p>\u304a\u5ba2\u69d8\u304b\u3089\u304a\u9810\u304b\u308a\u3057\u305f\u500b\u4eba\u60c5\u5831\u3092\u3001\u7d1b\u5931\u3001\u7834\u58ca\u3001\u793e\u5916\u3078\u306e\u4e0d\u6b63\u306a\u6d41\u51fa \u3001\u6539\u3056\u3093\u3001\u4e0d\u6b63\u30a2\u30af\u30bb\u30b9\u304b\u3089\u4fdd\u8b77\u3059\u308b\u305f\u3081\u306b\u3001\u793e\u5185\u898f\u7a0b\u3092\u6574\u5099\u3057\u3001\u5408\u7406\u7684\u306a\u5b89\u5168\u5bfe\u7b56\u3092\u8b1b\u3058\u307e\u3059\u3002\u306a\u304a\u3001\u5f0a\u793e\u306f\u3001\u304a\u5ba2\u69d8\u304c\u672c\u30b5\u30a4\u30c8\u3067\u306e\u5229\u7528\u76ee\u7684\u3092\u9054\u6210\u3055\u308c\u305f\u306e\u3061\u3001\u4e00\u5b9a\u671f\u9593\u3054\u5229\u7528\u304c\u306a\u304f\u500b\u4eba\u60c5\u5831\u3092\u4fdd\u7ba1\u3059\u308b\u5fc5\u8981\u304c\u306a\u304f\u306a\u3063\u305f\u3068\u5224\u65ad\u3057\u305f\u5834\u5408\u3001\u500b\u4eba\u60c5\u5831\u306e\u6d41\u51fa\u306a\u3069\u3092\u9632\u6b62\u3059\u308b\u305f\u3081\u3001\u304a\u5ba2\u69d8\u306e\u500b\u4eba\u60c5\u5831\u3092\u6d88\u53bb\u3059\u308b\u5834\u5408\u304c\u3054\u3056\u3044\u307e\u3059\u3002<\/p>\n<p><span style=\"font-size: 18pt;\"><strong><span style=\"color: #ff0000;\">[\u96c6\u5408\u5834\u6240]<\/span><\/strong><\/span><\/p>\n<p>\u4ee5\u4e0b\u306e\u5f0a\u793e\u6307\u5b9a\u30db\u30c6\u30eb\u307e\u3067\u304a\u8fce\u3048\u306b\u4f3a\u3044\u307e\u3059\u3002<\/p>\n<p>\u6307\u5b9a\u30db\u30c6\u30eb\uff1a\u30c7\u30a6\u30db\u30c6\u30eb\uff08S\u1ed1 360 \u0111\u01b0\u1eddng Kim M\u00e3, qu\u1eadn Ba \u0110\u00ecnh, H\u00e0 N\u1ed9i\uff09\u3001<\/p>\n<p dir=\"auto\">\u30d2\u30eb\u30c8\u30f3\u30cf\u30ce\u30a4\u30db\u30c6\u30eb\uff08\u00a0s\u1ed1\u00a01 L\u00ea Th\u00e1nh T\u00f4ng, Phan Chu Trinh, Ho\u00e0n Ki\u1ebfm, H\u00e0 N\u1ed9i\uff09<\/p>\n<p>\u3001\u30d1\u30f3\u30d1\u30b7\u30d5\u30a3\u30c3\u30af\u30db\u30c6\u30eb\uff08S\u1ed1 1 \u0111\u01b0\u1eddng Thanh Ni\u00ean, qu\u1eadn Ba \u0110\u00ecnh, H\u00e0 N\u1ed9i\uff09\u306e\u4f55\u308c\u304b\u306e\u30db\u30c6\u30eb\u3068\u306a\u308a\u307e\u3059\u3002<\/p>\n<p>\u4e0a\u8a18\u4ee5\u5916\u306e\u30db\u30c6\u30eb\u9001\u8fce\u3092\u3054\u5e0c\u671b\u306e\u5834\u5408\u3001<wbr \/>\u7533\u3057\u8fbc\u307f\u6642\u306b\u3054\u76f8\u8ac7\u304f\u3060\u3055\u3044\u3002<\/p>\n<p dir=\"auto\">\u306a\u304a\u3001\u30db\u30c6\u30eb\u4ee5\u5916\u306e\u96c6\u5408\u5834\u5408\u306f\u3001\u30aa\u30da\u30e9\u30cf\u30a6\u30b9\u96c6\u5408\u3068\u306a\u308a\u307e\u3059\u3002<\/p>\n<p dir=\"auto\">\u30aa\u30da\u30e9\u30cf\u30a6\u30b9\u4f4f\u6240\uff1aS\u1ed1 01 Tr\u00e0ng Ti\u1ec1n &#8211; Q.Ho\u00e0n Ki\u1ebfm &#8211; H\u00e0 N\u1ed9i &#8211; Vi\u1ec7t Nam<\/p>\n<p><span style=\"font-size: 18pt;\"><strong><span style=\"color: #ff0000;\">[\u8eca\u624b\u914d]<\/span><\/strong><\/span><\/p>\n<p>\u5f0a\u793e\u306f\u5f53\u65e5\u306e\u304a\u5ba2\u69d8\u4eba\u6570\u3092\u78ba\u8a8d\u5f8c\u3001\u8eca\u3092\u624b\u914d\u3057\u307e\u3059\u3002<\/p>\n<p>\u3086\u3063\u305f\u308a\u3068\u3057\u305f\u30b7\u30fc\u30c8\u3092\u3054\u5229\u7528\u3044\u305f\u3060\u304d\u3001\u75b2\u308c\u3092\u611f\u3058\u3055\u305b\u306a\u3044\u65c5\u3092\u63d0\u4f9b\u3057\u3066\u304a\u308a\u307e\u3059\u3002<\/p>\n<p>1\u301c2\u5ba2\u307e\u3067\uff1a4\u5e2d\u306e\u8eca<\/p>\n<p>3\u301c4\u5ba2\u307e\u3067\uff1a7\u5e2d\u306e\u8eca<\/p>\n<p>5\uff5e9\u5ba2\u307e\u3067\uff1a16\u5e2d\u306e\u8eca<\/p>\n<p>10\u5ba2\u4ee5\u4e0a\u3000\u3000\uff1a29\u5e2d\u306e\u8eca<\/p>\n<p><span style=\"font-size: 18pt;\"><strong><span style=\"color: #ff0000;\">[\u6ce8\u610f\u4e8b\u9805]<\/span><\/strong><\/span><\/p>\n<p>1.\u6c17\u8c61\u306e\u72b6\u6cc1\u3084\u4e0d\u616e\u306e\u707d\u5bb3\u3001\u305d\u306e\u4ed6\u4e0d\u53ef\u6297\u529b\u306e\u4e8b\u7531\u306b\u3088\u308a\u30c4\u30a2\u30fc\u306e\u5b9f\u65bd\u3092\u4e2d\u6b62\u3059\u308b\u5834\u5408\u304c\u3042\u308a\u307e\u3059\u3002<\/p>\n<p>2.\u8377\u7269\u306f\u3054\u81ea\u8eab\u306e\u8cac\u4efb\u3067\u4fdd\u7ba1\u3057\u3066\u304f\u3060\u3055\u3044\u3002\u640d\u5bb3\u3001\u640d\u5931\u3001\u76d7\u96e3\u306b\u306f\u5f53\u793e\u306f\u4e00\u5207\u8cac\u4efb\u3092\u8ca0\u3044\u304b\u306d\u307e\u3059\u3002\u8eab\u306e\u56de\u308a\u306e\u8377\u7269\u306b\u306f\u5341\u5206\u306b\u3054\u6ce8\u610f\u304f\u3060\u3055\u3044\u3002<\/p>\n<p>3.\u30c4\u30a2\u30fc\u306f\u30d9\u30c8\u30ca\u30e0\u306e\u65c5\u884c\u696d\u6cd5\u306b\u3088\u308a\u307e\u3059\u3002\u5f93\u3063\u3066\u65e5\u672c\u306e\u65c5\u884c\u696d\u6cd5\u306b\u57fa\u3065\u304f\u7d04\u6b3e\u306e\u9069\u7528\u306f\u3042\u308a\u307e\u305b\u3093\u3002\u307e\u305f\u3001\u304a\u5ba2\u69d8\u306b\u30d9\u30c8\u30ca\u30e0\u306e\u6cd5\u5f8b\u53ca\u3073\u516c\u5e8f\u826f\u4fd7\u306b\u53cd\u3059\u308b\u884c\u70ba\u304c\u3042\u3063\u305f\u5834\u5408\u3084\u96c6\u5408\u6642\u9593\u306b\u96c6\u5408\u3055\u308c\u306a\u304b\u3063\u305f\u5834\u5408\u3001\u30c4\u30a2\u30fc\u53c2\u52a0\u30fb\u7d9a\u884c\u3092\u304a\u65ad\u308a\u3059\u308b\u3053\u3068\u304c\u3042\u308a\u307e\u3059\u3002<\/p>\n<p>4.\u8a2a\u554f\u9806\u5e8f\u306f\u5909\u66f4\u306b\u306a\u308b\u5834\u5408\u304c\u3042\u308a\u307e\u3059\u3002<\/p>\n<p>5.\u5e73\u5e95\u306e\u6b69\u304d\u3084\u3059\u3044\u9774\u3067\u3054\u53c2\u52a0\u304f\u3060\u3055\u3044\u3002<\/p>\n<p>6.\u590f\u306f\u65e5\u5dee\u3057\u304c\u5f37\u3044\u306e\u3067\u65e5\u3088\u3051\u5bfe\u7b56\u3092\u3001\u51ac\u306f\u9632\u5bd2\u5177\u3092\u3054\u7528\u610f\u304f\u3060\u3055\u3044\u3002<\/p>\n<p>7.\u3054\u5229\u7528\u5546\u54c1\u306f\uff12\u540d\u69d8\u4ee5\u4e0a\u306e\u50ac\u884c\u3068\u306a\u308a\u307e\u3059\u3002\uff11\u540d\u69d8\u3054\u5229\u7528\u306e\u5834\u5408\u3001\u3054\u76f8\u8ac7\u304f\u3060\u3055\u3044\u3002<\/p>\n","protected":false},"excerpt":{"rendered":"<p>\u521d\u3081\u3066\u3054\u5229\u7528\u306e\u65b9\u3078 \u3054\u5229\u7528\u6848\u5185\u3000 \u3053\u306e\u30da\u30fc\u30b8\u3067\u306f\u4e88\u7d04\u65b9\u6cd5\u3001\u304a[&#8230;]<\/p>\n","protected":false},"author":1,"featured_media":0,"parent":0,"menu_order":0,"comment_status":"closed","ping_status":"closed","template":"template-fullwidth.php","meta":[],"yoast_head":"<!-- This site is optimized with the Yoast SEO plugin v15.3 - https:\/\/yoast.com\/wordpress\/plugins\/seo\/ -->\n<meta name=\"robots\" content=\"index, follow, max-snippet:-1, max-image-preview:large, max-video-preview:-1\" \/>\n<link rel=\"canonical\" href=\"https:\/\/aitravelgroup.com\/\u521d\u3081\u3066\u3054\u5229\u7528\u306e\u65b9\u3078-\u3054\u5229\u7528\u6848\u5185\/\" \/>\n<meta property=\"og:locale\" content=\"ja_JP\" \/>\n<meta property=\"og:type\" content=\"article\" \/>\n<meta property=\"og:title\" content=\"\u521d\u3081\u3066\u3054\u5229\u7528\u306e\u65b9\u3078 \u3054\u5229\u7528\u6848\u5185 - AI Travel Group\" \/>\n<meta property=\"og:description\" content=\"\u521d\u3081\u3066\u3054\u5229\u7528\u306e\u65b9\u3078 \u3054\u5229\u7528\u6848\u5185\u3000 \u3053\u306e\u30da\u30fc\u30b8\u3067\u306f\u4e88\u7d04\u65b9\u6cd5\u3001\u304a[...]\" \/>\n<meta property=\"og:url\" content=\"https:\/\/aitravelgroup.com\/\u521d\u3081\u3066\u3054\u5229\u7528\u306e\u65b9\u3078-\u3054\u5229\u7528\u6848\u5185\/\" \/>\n<meta property=\"og:site_name\" content=\"AI Travel Group\" \/>\n<meta property=\"article:modified_time\" content=\"2021-05-27T04:10:54+00:00\" \/>\n<meta name=\"twitter:card\" content=\"summary\" \/>\n<meta name=\"twitter:label1\" content=\"Written by\">\n\t<meta name=\"twitter:data1\" content=\"Admin\">\n\t<meta name=\"twitter:label2\" content=\"Est. reading time\">\n\t<meta name=\"twitter:data2\" content=\"1\u5206\">\n<script type=\"application\/ld+json\" class=\"yoast-schema-graph\">{\"@context\":\"https:\/\/schema.org\",\"@graph\":[{\"@type\":\"WebSite\",\"@id\":\"https:\/\/aitravelgroup.com\/ja\/#website\",\"url\":\"https:\/\/aitravelgroup.com\/ja\/\",\"name\":\"AI Travel Group\",\"description\":\"\",\"potentialAction\":[{\"@type\":\"SearchAction\",\"target\":\"https:\/\/aitravelgroup.com\/ja\/?s={search_term_string}\",\"query-input\":\"required name=search_term_string\"}],\"inLanguage\":\"ja\"},{\"@type\":\"WebPage\",\"@id\":\"https:\/\/aitravelgroup.com\/%e5%88%9d%e3%82%81%e3%81%a6%e3%81%94%e5%88%a9%e7%94%a8%e3%81%ae%e6%96%b9%e3%81%b8-%e3%81%94%e5%88%a9%e7%94%a8%e6%a1%88%e5%86%85\/#webpage\",\"url\":\"https:\/\/aitravelgroup.com\/%e5%88%9d%e3%82%81%e3%81%a6%e3%81%94%e5%88%a9%e7%94%a8%e3%81%ae%e6%96%b9%e3%81%b8-%e3%81%94%e5%88%a9%e7%94%a8%e6%a1%88%e5%86%85\/\",\"name\":\"\\u521d\\u3081\\u3066\\u3054\\u5229\\u7528\\u306e\\u65b9\\u3078 \\u3054\\u5229\\u7528\\u6848\\u5185 - AI Travel Group\",\"isPartOf\":{\"@id\":\"https:\/\/aitravelgroup.com\/ja\/#website\"},\"datePublished\":\"2017-05-03T10:01:31+00:00\",\"dateModified\":\"2021-05-27T04:10:54+00:00\",\"inLanguage\":\"ja\",\"potentialAction\":[{\"@type\":\"ReadAction\",\"target\":[\"https:\/\/aitravelgroup.com\/%e5%88%9d%e3%82%81%e3%81%a6%e3%81%94%e5%88%a9%e7%94%a8%e3%81%ae%e6%96%b9%e3%81%b8-%e3%81%94%e5%88%a9%e7%94%a8%e6%a1%88%e5%86%85\/\"]}]}]}<\/script>\n<!-- \/ Yoast SEO plugin. -->","_links":{"self":[{"href":"https:\/\/aitravelgroup.com\/ja\/wp-json\/wp\/v2\/pages\/640"}],"collection":[{"href":"https:\/\/aitravelgroup.com\/ja\/wp-json\/wp\/v2\/pages"}],"about":[{"href":"https:\/\/aitravelgroup.com\/ja\/wp-json\/wp\/v2\/types\/page"}],"author":[{"embeddable":true,"href":"https:\/\/aitravelgroup.com\/ja\/wp-json\/wp\/v2\/users\/1"}],"replies":[{"embeddable":true,"href":"https:\/\/aitravelgroup.com\/ja\/wp-json\/wp\/v2\/comments?post=640"}],"version-history":[{"count":11,"href":"https:\/\/aitravelgroup.com\/ja\/wp-json\/wp\/v2\/pages\/640\/revisions"}],"predecessor-version":[{"id":5774,"href":"https:\/\/aitravelgroup.com\/ja\/wp-json\/wp\/v2\/pages\/640\/revisions\/5774"}],"wp:attachment":[{"href":"https:\/\/aitravelgroup.com\/ja\/wp-json\/wp\/v2\/media?parent=640"}],"curies":[{"name":"wp","href":"https:\/\/api.w.org\/{rel}","templated":true}]}}